{"id":110,"date":"2021-03-06T10:52:12","date_gmt":"2021-03-06T10:52:12","guid":{"rendered":"https:\/\/localhost\/magdacesti\/?page_id=110"},"modified":"2025-10-02T17:02:54","modified_gmt":"2025-10-02T17:02:54","slug":"primarul","status":"publish","type":"page","link":"https:\/\/magdacesti.md\/?page_id=110","title":{"rendered":"Primarul"},"content":{"rendered":"\n\n\t<section class=\"section\" id=\"section_1377234680\">\n\t\t<div class=\"section-bg fill\" >\n\t\t\t\t\t\t\t\t\t\n\t\t\t\n\n\t\t<\/div>\n\n\t\t\n\n\t\t<div class=\"section-content relative\">\n\t\t\t\n\n<div class=\"row\"  id=\"row-567866788\">\n\n\n\t<div id=\"col-1629010147\" class=\"col small-12 large-12\"  >\n\t\t\t\t<div class=\"col-inner\"  >\n\t\t\t\n\t\t\t\n\n<p class=\"\" data-start=\"138\" data-end=\"159\"><strong data-start=\"138\" data-end=\"159\">Dragi vizitatori,<\/strong><\/p>\n<p class=\"\" data-start=\"161\" data-end=\"203\">Bine a\u021bi venit pe pagina noastr\u0103 oficial\u0103!<\/p>\n<p class=\"\" data-start=\"205\" data-end=\"464\">Cu sincer\u0103 bucurie v\u0103 salut din inima Basarabiei \u0219i v\u0103 invit s\u0103 descoperi\u021bi, \u00een mod virtual, localitatea M\u0103gd\u0103ce\u0219ti \u2013 un sat cu suflet mare, cu oameni harnici, tradi\u021bii vii \u0219i ini\u021biative frumoase care ne apropie, pas cu pas, de standardele unui or\u0103\u0219el modern.<\/p>\n<p class=\"\" data-start=\"466\" data-end=\"774\">Din dragoste fa\u021b\u0103 de aceast\u0103 comunitate \u0219i cu dorin\u021ba de a l\u0103sa \u00een urm\u0103 realiz\u0103ri durabile, m-am dedicat, \u00een cele dou\u0103 mandate \u0219i jum\u0103tate, muncii de transformare a localit\u0103\u021bii. Ast\u0103zi, avem dovezi clare c\u0103 M\u0103gd\u0103ce\u0219tiul este \u00eentr-o continu\u0103 dezvoltare, iar calitatea vie\u021bii cre\u0219te vizibil de la o zi la alta.<\/p>\n<p class=\"\" data-start=\"776\" data-end=\"1129\">Aceast\u0103 evolu\u021bie nu ar fi fost posibil\u0103 f\u0103r\u0103 sprijinul \u0219i implicarea direct\u0103 a locuitorilor \u0219i a echipei administra\u021biei publice locale. V\u0103 mul\u021bumesc din suflet pentru \u00eencrederea pe care mi-o oferi\u021bi \u2013 ea este motorul care m\u0103 inspir\u0103, m\u0103 motiveaz\u0103 \u0219i \u00eemi d\u0103 energia de a merge mai departe, cu g\u00e2ndul la binele tinerei genera\u021bii \u0219i al \u00eentregii comunit\u0103\u021bi.<\/p>\n<p class=\"\" data-start=\"1131\" data-end=\"1266\">\u00cemi doresc s\u0103 p\u0103str\u0103m rela\u021bia apropiat\u0103 pe care am construit-o de-a lungul anilor \u0219i s\u0103 continu\u0103m, \u00eempreun\u0103, drumul dezvolt\u0103rii locale.<\/p>\n<div class=\"row row-collapse align-middle\" style=\"max-width:100vw\" id=\"row-1891190407\">\n\n\n\t<div id=\"col-463083863\" class=\"col medium-5 small-12 large-4\"  >\n\t\t\t\t<div class=\"col-inner\"  >\n\t\t\t\n\t\t\t\n\n\n  <div class=\"banner has-hover\" id=\"banner-920960628\">\n          <div class=\"banner-inner fill\">\n        <div class=\"banner-bg fill\" >\n            <img loading=\"lazy\" decoding=\"async\" width=\"2560\" height=\"1707\" src=\"https:\/\/magdacesti.md\/wp-content\/uploads\/2021\/03\/Foto-104-scaled.jpg\" class=\"bg attachment-original size-original\" alt=\"\" \/>                                    \n                    <\/div>\n\t\t\n        <div class=\"banner-layers container\">\n            <div class=\"fill banner-link\"><\/div>            \n\n   <div id=\"text-box-710785679\" class=\"text-box banner-layer x50 md-x50 lg-x50 y50 md-y50 lg-y50 res-text\">\n                                <div class=\"text-box-content text dark\">\n              \n              <div class=\"text-inner text-center\">\n                  \n\n\n              <\/div>\n           <\/div>\n                            \n<style>\n#text-box-710785679 {\n  width: 60%;\n}\n#text-box-710785679 .text-box-content {\n  font-size: 100%;\n}\n@media (min-width:550px) {\n  #text-box-710785679 {\n    width: 60%;\n  }\n}\n<\/style>\n    <\/div>\n \n\n        <\/div>\n      <\/div>\n\n            \n<style>\n#banner-920960628 {\n  padding-top: 400px;\n  background-color: rgb(244, 244, 244);\n}\n#banner-920960628 .banner-bg img {\n  object-position: 62% 92%;\n}\n@media (min-width:550px) {\n  #banner-920960628 {\n    padding-top: 600px;\n  }\n}\n<\/style>\n  <\/div>\n\n\n\n\t\t<\/div>\n\t\t\t\t\n<style>\n#col-463083863 > .col-inner {\n  margin: 0px 0px 20px 0px;\n}\n<\/style>\n\t<\/div>\n\n\t\n\n\t<div id=\"col-456738979\" class=\"col team-sorted-info medium-7 small-12 large-8\"  >\n\t\t\t\t<div class=\"col-inner\"  >\n\t\t\t\n\t\t\t\n\n\t<div id=\"gap-619769751\" class=\"gap-element clearfix\" style=\"display:block; height:auto;\">\n\t\t\n<style>\n#gap-619769751 {\n  padding-top: 5px;\n}\n<\/style>\n\t<\/div>\n\t\n\n<div class=\"is-divider divider clearfix\" style=\"margin-top:1.2em;margin-bottom:1.2em;max-width:100%;height:2px;background-color:rgba(0, 0, 0, 0.09);\"><\/div>\n\n<div class=\"row row-small\"  id=\"row-361179719\">\n\n\n\t<div id=\"col-1009280182\" class=\"col medium-12 small-12 large-7\"  >\n\t\t\t\t<div class=\"col-inner\"  >\n\t\t\t\n\t\t\t\n\n<div class=\"social-icons follow-icons full-width text-left\" style=\"font-size:90%\"><a href=\"https:\/\/www.facebook.com\/liuba.cojocaru.1\" target=\"_blank\" data-label=\"Facebook\" class=\"icon plain tooltip facebook\" title=\"Follow on Facebook\" aria-label=\"Follow on Facebook\" rel=\"noopener nofollow\"><i class=\"icon-facebook\" aria-hidden=\"true\"><\/i><\/a><a href=\"tel:0(248)34236\" data-label=\"Phone\" target=\"_blank\" class=\"icon plain tooltip phone\" title=\"Call us\" aria-label=\"Call us\" rel=\"nofollow noopener\"><i class=\"icon-phone\" aria-hidden=\"true\"><\/i><\/a><\/div>\n\n\n\t\t<\/div>\n\t\t\t\t\t<\/div>\n\n\t\n\n<\/div>\n\n\t\t<\/div>\n\t\t\t\t\n<style>\n#col-456738979 > .col-inner {\n  padding: 0 40px 0px 40px;\n}\n<\/style>\n\t<\/div>\n\n\t\n\n<\/div>\n\n\t\t<\/div>\n\t\t\t\t\t<\/div>\n\n\t\n\n\n<style>\n#row-567866788 > .col > .col-inner {\n  background-color: rgb(255,255,255);\n  border-radius: 52px;\n}\n<\/style>\n<\/div>\n\n\t\t<\/div>\n\n\t\t\n<style>\n#section_1377234680 {\n  padding-top: 0px;\n  padding-bottom: 0px;\n  background-color: rgba(228, 228, 228, 0);\n}\n<\/style>\n\t<\/section>\n\t\n","protected":false},"excerpt":{"rendered":"","protected":false},"author":1,"featured_media":0,"parent":0,"menu_order":0,"comment_status":"closed","ping_status":"closed","template":"page-blank-title-center.php","meta":{"ngg_post_thumbnail":0,"footnotes":""},"class_list":["post-110","page","type-page","status-publish","hentry"],"yoast_head":"<!-- This site is optimized with the Yoast SEO plugin v23.3 - https:\/\/yoast.com\/wordpress\/plugins\/seo\/ -->\n<title>Primarul - M\u0103gd\u0103ce\u0219ti<\/title>\n<meta name=\"robots\" content=\"index, follow, max-snippet:-1, max-image-preview:large, max-video-preview:-1\" \/>\n<link rel=\"canonical\" href=\"https:\/\/magdacesti.md\/?page_id=110\" \/>\n<meta property=\"og:locale\" content=\"en_US\" \/>\n<meta property=\"og:type\" content=\"article\" \/>\n<meta property=\"og:title\" content=\"Primarul - M\u0103gd\u0103ce\u0219ti\" \/>\n<meta property=\"og:url\" content=\"https:\/\/magdacesti.md\/?page_id=110\" \/>\n<meta property=\"og:site_name\" content=\"M\u0103gd\u0103ce\u0219ti\" \/>\n<meta property=\"article:publisher\" content=\"https:\/\/www.facebook.com\/magdacesti.md\/\" \/>\n<meta property=\"article:modified_time\" content=\"2025-10-02T17:02:54+00:00\" \/>\n<meta property=\"og:image\" content=\"https:\/\/magdacesti.md\/wp-content\/uploads\/2021\/03\/Foto-110-scaled.jpg\" \/>\n\t<meta property=\"og:image:width\" content=\"2560\" \/>\n\t<meta property=\"og:image:height\" content=\"1707\" \/>\n\t<meta property=\"og:image:type\" content=\"image\/jpeg\" \/>\n<meta name=\"twitter:card\" content=\"summary_large_image\" \/>\n<meta name=\"twitter:label1\" content=\"Est. reading time\" \/>\n\t<meta name=\"twitter:data1\" content=\"2 minutes\" \/>\n<script type=\"application\/ld+json\" class=\"yoast-schema-graph\">{\"@context\":\"https:\/\/schema.org\",\"@graph\":[{\"@type\":\"WebPage\",\"@id\":\"https:\/\/magdacesti.md\/?page_id=110\",\"url\":\"https:\/\/magdacesti.md\/?page_id=110\",\"name\":\"Primarul - M\u0103gd\u0103ce\u0219ti\",\"isPartOf\":{\"@id\":\"https:\/\/magdacesti.md\/#website\"},\"datePublished\":\"2021-03-06T10:52:12+00:00\",\"dateModified\":\"2025-10-02T17:02:54+00:00\",\"breadcrumb\":{\"@id\":\"https:\/\/magdacesti.md\/?page_id=110#breadcrumb\"},\"inLanguage\":\"en-US\",\"potentialAction\":[{\"@type\":\"ReadAction\",\"target\":[\"https:\/\/magdacesti.md\/?page_id=110\"]}]},{\"@type\":\"BreadcrumbList\",\"@id\":\"https:\/\/magdacesti.md\/?page_id=110#breadcrumb\",\"itemListElement\":[{\"@type\":\"ListItem\",\"position\":1,\"name\":\"Home\",\"item\":\"https:\/\/magdacesti.md\/\"},{\"@type\":\"ListItem\",\"position\":2,\"name\":\"Primarul\"}]},{\"@type\":\"WebSite\",\"@id\":\"https:\/\/magdacesti.md\/#website\",\"url\":\"https:\/\/magdacesti.md\/\",\"name\":\"M\u0103gd\u0103ce\u0219ti\",\"description\":\"Un or\u0103\u0219el cu condi\u021bii decente de trai!\",\"publisher\":{\"@id\":\"https:\/\/magdacesti.md\/#organization\"},\"potentialAction\":[{\"@type\":\"SearchAction\",\"target\":{\"@type\":\"EntryPoint\",\"urlTemplate\":\"https:\/\/magdacesti.md\/?s={search_term_string}\"},\"query-input\":\"required name=search_term_string\"}],\"inLanguage\":\"en-US\"},{\"@type\":\"Organization\",\"@id\":\"https:\/\/magdacesti.md\/#organization\",\"name\":\"M\u0103gd\u0103ce\u0219ti\",\"url\":\"https:\/\/magdacesti.md\/\",\"logo\":{\"@type\":\"ImageObject\",\"inLanguage\":\"en-US\",\"@id\":\"https:\/\/magdacesti.md\/#\/schema\/logo\/image\/\",\"url\":\"https:\/\/magdacesti.md\/wp-content\/uploads\/2021\/03\/Foto-514-scaled.jpg\",\"contentUrl\":\"https:\/\/magdacesti.md\/wp-content\/uploads\/2021\/03\/Foto-514-scaled.jpg\",\"width\":2560,\"height\":1707,\"caption\":\"M\u0103gd\u0103ce\u0219ti\"},\"image\":{\"@id\":\"https:\/\/magdacesti.md\/#\/schema\/logo\/image\/\"},\"sameAs\":[\"https:\/\/www.facebook.com\/magdacesti.md\/\"]}]}<\/script>\n<!-- \/ Yoast SEO plugin. -->","yoast_head_json":{"title":"Primarul - M\u0103gd\u0103ce\u0219ti","robots":{"index":"index","follow":"follow","max-snippet":"max-snippet:-1","max-image-preview":"max-image-preview:large","max-video-preview":"max-video-preview:-1"},"canonical":"https:\/\/magdacesti.md\/?page_id=110","og_locale":"en_US","og_type":"article","og_title":"Primarul - M\u0103gd\u0103ce\u0219ti","og_url":"https:\/\/magdacesti.md\/?page_id=110","og_site_name":"M\u0103gd\u0103ce\u0219ti","article_publisher":"https:\/\/www.facebook.com\/magdacesti.md\/","article_modified_time":"2025-10-02T17:02:54+00:00","og_image":[{"width":2560,"height":1707,"url":"https:\/\/magdacesti.md\/wp-content\/uploads\/2021\/03\/Foto-110-scaled.jpg","type":"image\/jpeg"}],"twitter_card":"summary_large_image","twitter_misc":{"Est. reading time":"2 minutes"},"schema":{"@context":"https:\/\/schema.org","@graph":[{"@type":"WebPage","@id":"https:\/\/magdacesti.md\/?page_id=110","url":"https:\/\/magdacesti.md\/?page_id=110","name":"Primarul - M\u0103gd\u0103ce\u0219ti","isPartOf":{"@id":"https:\/\/magdacesti.md\/#website"},"datePublished":"2021-03-06T10:52:12+00:00","dateModified":"2025-10-02T17:02:54+00:00","breadcrumb":{"@id":"https:\/\/magdacesti.md\/?page_id=110#breadcrumb"},"inLanguage":"en-US","potentialAction":[{"@type":"ReadAction","target":["https:\/\/magdacesti.md\/?page_id=110"]}]},{"@type":"BreadcrumbList","@id":"https:\/\/magdacesti.md\/?page_id=110#breadcrumb","itemListElement":[{"@type":"ListItem","position":1,"name":"Home","item":"https:\/\/magdacesti.md\/"},{"@type":"ListItem","position":2,"name":"Primarul"}]},{"@type":"WebSite","@id":"https:\/\/magdacesti.md\/#website","url":"https:\/\/magdacesti.md\/","name":"M\u0103gd\u0103ce\u0219ti","description":"Un or\u0103\u0219el cu condi\u021bii decente de trai!","publisher":{"@id":"https:\/\/magdacesti.md\/#organization"},"potentialAction":[{"@type":"SearchAction","target":{"@type":"EntryPoint","urlTemplate":"https:\/\/magdacesti.md\/?s={search_term_string}"},"query-input":"required name=search_term_string"}],"inLanguage":"en-US"},{"@type":"Organization","@id":"https:\/\/magdacesti.md\/#organization","name":"M\u0103gd\u0103ce\u0219ti","url":"https:\/\/magdacesti.md\/","logo":{"@type":"ImageObject","inLanguage":"en-US","@id":"https:\/\/magdacesti.md\/#\/schema\/logo\/image\/","url":"https:\/\/magdacesti.md\/wp-content\/uploads\/2021\/03\/Foto-514-scaled.jpg","contentUrl":"https:\/\/magdacesti.md\/wp-content\/uploads\/2021\/03\/Foto-514-scaled.jpg","width":2560,"height":1707,"caption":"M\u0103gd\u0103ce\u0219ti"},"image":{"@id":"https:\/\/magdacesti.md\/#\/schema\/logo\/image\/"},"sameAs":["https:\/\/www.facebook.com\/magdacesti.md\/"]}]}},"_links":{"self":[{"href":"https:\/\/magdacesti.md\/index.php?rest_route=\/wp\/v2\/pages\/110","targetHints":{"allow":["GET"]}}],"collection":[{"href":"https:\/\/magdacesti.md\/index.php?rest_route=\/wp\/v2\/pages"}],"about":[{"href":"https:\/\/magdacesti.md\/index.php?rest_route=\/wp\/v2\/types\/page"}],"author":[{"embeddable":true,"href":"https:\/\/magdacesti.md\/index.php?rest_route=\/wp\/v2\/users\/1"}],"replies":[{"embeddable":true,"href":"https:\/\/magdacesti.md\/index.php?rest_route=%2Fwp%2Fv2%2Fcomments&post=110"}],"version-history":[{"count":19,"href":"https:\/\/magdacesti.md\/index.php?rest_route=\/wp\/v2\/pages\/110\/revisions"}],"predecessor-version":[{"id":5656,"href":"https:\/\/magdacesti.md\/index.php?rest_route=\/wp\/v2\/pages\/110\/revisions\/5656"}],"wp:attachment":[{"href":"https:\/\/magdacesti.md\/index.php?rest_route=%2Fwp%2Fv2%2Fmedia&parent=110"}],"curies":[{"name":"wp","href":"https:\/\/api.w.org\/{rel}","templated":true}]}}